{"id":1621,"date":"2024-01-23T16:50:41","date_gmt":"2024-01-23T16:50:41","guid":{"rendered":"https:\/\/sebastianmacchi.com.ar\/?page_id=1621"},"modified":"2024-01-23T17:40:32","modified_gmt":"2024-01-23T17:40:32","slug":"newsletter","status":"publish","type":"page","link":"https:\/\/sebastianmacchi.com.ar\/it\/newsletter\/","title":{"rendered":"Newsletter"},"content":{"rendered":"<div data-elementor-type=\"wp-page\" data-elementor-id=\"1621\" class=\"elementor elementor-1621\" data-elementor-post-type=\"page\">\n\t\t\t\t<div class=\"elementor-element elementor-element-55ed101 e-flex e-con-boxed e-con e-parent\" data-id=\"55ed101\" data-element_type=\"container\" data-e-type=\"container\" data-settings=\"{&quot;background_background&quot;:&quot;classic&quot;}\">\n\t\t\t\t\t<div class=\"e-con-inner\">\n\t\t<div class=\"elementor-element elementor-element-01f9f9e e-con-full e-flex e-con e-child\" data-id=\"01f9f9e\" data-element_type=\"container\" data-e-type=\"container\">\n\t\t\t\t<div class=\"elementor-element elementor-element-efebf37 elementor-widget elementor-widget-heading\" data-id=\"efebf37\" data-element_type=\"widget\" data-e-type=\"widget\" data-widget_type=\"heading.default\">\n\t\t\t\t<div class=\"elementor-widget-container\">\n\t\t\t\t\t<h3 class=\"elementor-heading-title elementor-size-default\">Newsletter<\/h3>\t\t\t\t<\/div>\n\t\t\t\t<\/div>\n\t\t\t\t<\/div>\n\t\t\t\t\t<\/div>\n\t\t\t\t<\/div>\n\t\t<div class=\"elementor-element elementor-element-2355979 e-con-full e-flex e-con e-parent\" data-id=\"2355979\" data-element_type=\"container\" data-e-type=\"container\" data-settings=\"{&quot;background_background&quot;:&quot;gradient&quot;}\">\n\t\t<div class=\"elementor-element elementor-element-6ad3eba e-con-full e-flex e-con e-child\" data-id=\"6ad3eba\" data-element_type=\"container\" data-e-type=\"container\">\n\t\t<div class=\"elementor-element elementor-element-1ed59c1 e-flex e-con-boxed e-con e-child\" data-id=\"1ed59c1\" data-element_type=\"container\" data-e-type=\"container\">\n\t\t\t\t\t<div class=\"e-con-inner\">\n\t\t\t\t<div class=\"elementor-element elementor-element-acd6fd2 elementor-widget elementor-widget-text-editor\" data-id=\"acd6fd2\" data-element_type=\"widget\" data-e-type=\"widget\" data-widget_type=\"text-editor.default\">\n\t\t\t\t<div class=\"elementor-widget-container\">\n\t\t\t\t\t\t\t\t\t<p>Nos gustar\u00eda poder avisarte cuando toquemos cerca y tambi\u00e9n compartirte videos o nuevos lanzamientos.<\/p>\n<div>Si quer\u00e9s que te contactemos con estas novedades pod\u00e9s dejarnos tus datos.<\/div>\t\t\t\t\t\t\t\t<\/div>\n\t\t\t\t<\/div>\n\t\t\t\t<div class=\"elementor-element elementor-element-87f255e elementor-widget elementor-widget-htwpform-addons\" data-id=\"87f255e\" data-element_type=\"widget\" data-e-type=\"widget\" data-widget_type=\"htwpform-addons.default\">\n\t\t\t\t<div class=\"elementor-widget-container\">\n\t\t\t\t\t            <div class=\"htwpform_area\" >\n                <div class=\"wpforms-container\" id=\"wpforms-1623\"><form id=\"wpforms-form-1623\" class=\"wpforms-validate wpforms-form wpforms-ajax-form\" data-formid=\"1623\" method=\"post\" enctype=\"multipart\/form-data\" action=\"\/it\/wp-json\/wp\/v2\/pages\/1621\" data-token=\"ff9c4779c61b3f188f70291b31189f66\" data-trp-original-action=\"\/it\/wp-json\/wp\/v2\/pages\/1621\"><noscript class=\"wpforms-error-noscript\">Abilita JavaScript nel browser per completare questo modulo.<\/noscript><div class=\"wpforms-field-container\"><div id=\"wpforms-1623-field_1-container\" class=\"wpforms-field wpforms-field-name\" data-field-id=\"1\"><label class=\"wpforms-field-label\" for=\"wpforms-1623-field_1\">Nombre <span class=\"wpforms-required-label\">*<\/span><\/label><input type=\"text\" id=\"wpforms-1623-field_1\" class=\"wpforms-field-medium wpforms-field-required\" name=\"wpforms[fields][1]\" required><\/div><div id=\"wpforms-1623-field_10-container\" class=\"wpforms-field wpforms-field-select wpforms-field-select-style-classic\" data-field-id=\"10\"><label class=\"wpforms-field-label\" for=\"wpforms-1623-field_10\">En que provincia viv\u00eds?<\/label><select id=\"wpforms-1623-field_10\" class=\"wpforms-field-medium\" name=\"wpforms[fields][10]\"><option value=\"Buenos Aires\" >Buenos Aires<\/option><option value=\"Catamarca\" >Catamarca<\/option><option value=\"Chaco\" >Chaco<\/option><option value=\"Chubut\" >Chubut<\/option><option value=\"Ciudad Aut\u00f3noma de Buenos Aires\" >Ciudad Aut\u00f3noma de Buenos Aires<\/option><option value=\"C\u00f3rdoba\" >C\u00f3rdoba<\/option><option value=\"Corrientes\" >Corrientes<\/option><option value=\"Entre R\u00edos\" >Entre R\u00edos<\/option><option value=\"Formosa\" >Formosa<\/option><option value=\"Jujuy\" >Jujuy<\/option><option value=\"La Pampa\" >La Pampa<\/option><option value=\"La Rioja\" >La Rioja<\/option><option value=\"Mendoza\" >Mendoza<\/option><option value=\"Misiones\" >Misiones<\/option><option value=\"Neuqu\u00e9n\" >Neuqu\u00e9n<\/option><option value=\"R\u00edo Negro\" >R\u00edo Negro<\/option><option value=\"Salta\" >Salta<\/option><option value=\"San Juan\" >San Juan<\/option><option value=\"San Luis\" >San Luis<\/option><option value=\"Santa Cruz\" >Santa Cruz<\/option><option value=\"Santa Fe\" >Santa Fe<\/option><option value=\"Santiago del Estero\" >Santiago del Estero<\/option><option value=\"Tierra del Fuego, Ant\u00e1rtida e Islas del Atl\u00e1ntico Sur\" >Tierra del Fuego, Ant\u00e1rtida e Islas del Atl\u00e1ntico Sur<\/option><option value=\"Tucum\u00e1n\" >Tucum\u00e1n<\/option><option value=\"Fuera de Argentina\" >Fuera de Argentina<\/option><\/select><\/div><div id=\"wpforms-1623-field_7-container\" class=\"wpforms-field wpforms-field-email\" data-field-id=\"7\"><label class=\"wpforms-field-label\" for=\"wpforms-1623-field_7\">Email <span class=\"wpforms-required-label\">*<\/span><\/label><input type=\"email\" id=\"wpforms-1623-field_7\" class=\"wpforms-field-medium wpforms-field-required\" name=\"wpforms[fields][7]\" spellcheck=\"false\" required><\/div><div id=\"wpforms-1623-field_11-container\" class=\"wpforms-field wpforms-field-text\" data-field-id=\"11\"><label class=\"wpforms-field-label\" for=\"wpforms-1623-field_11\">Whatsapp (opcional)<\/label><input type=\"text\" id=\"wpforms-1623-field_11\" class=\"wpforms-field-medium\" name=\"wpforms[fields][11]\" ><div class=\"wpforms-field-description\">Si prefer\u00eds recibir las novedades por este medio, dejanos tu n\u00famero<\/div><\/div><div id=\"wpforms-1623-field_6-container\" class=\"wpforms-field wpforms-field-textarea\" data-field-id=\"6\"><label class=\"wpforms-field-label\" for=\"wpforms-1623-field_6\">Tu comentario es bienvenido!<\/label><textarea id=\"wpforms-1623-field_6\" class=\"wpforms-field-medium\" name=\"wpforms[fields][6]\" ><\/textarea><\/div><\/div><!-- .wpforms-field-container --><div class=\"wpforms-submit-container\" ><input type=\"hidden\" name=\"wpforms[id]\" value=\"1623\"><input type=\"hidden\" name=\"wpforms[author]\" value=\"1\"><button type=\"submit\" name=\"wpforms[submit]\" id=\"wpforms-submit-1623\" class=\"wpforms-submit\" data-alt-text=\"Sending...\" data-submit-text=\"Enviar\" aria-live=\"assertive\" value=\"wpforms-submit\">Enviar<\/button><img decoding=\"async\" src=\"https:\/\/sebastianmacchi.com.ar\/wp-content\/plugins\/wpforms-lite\/assets\/images\/submit-spin.svg\" class=\"wpforms-submit-spinner\" style=\"display: none;\" width=\"26\" height=\"26\" alt=\"Caricamento\"><\/div><input type=\"hidden\" name=\"trp-form-language\" value=\"it\"\/><\/form><\/div>  <!-- .wpforms-container -->            <\/div>\n\n        \t\t\t\t<\/div>\n\t\t\t\t<\/div>\n\t\t\t\t\t<\/div>\n\t\t\t\t<\/div>\n\t\t\t\t<\/div>\n\t\t\t\t<\/div>\n\t\t\t\t<\/div>","protected":false},"excerpt":{"rendered":"<p>Newsletter Nos gustar\u00eda poder avisarte cuando toquemos cerca y tambi\u00e9n compartirte videos o nuevos lanzamientos. Si quer\u00e9s que te contactemos con estas novedades pod\u00e9s dejarnos tus datos. Por favor, activa JavaScript en tu navegador para completar este formulario.Nombre *En que provincia viv\u00eds?Buenos AiresCatamarcaChacoChubutCiudad Aut\u00f3noma de Buenos AiresC\u00f3rdobaCorrientesEntre R\u00edosFormosaJujuyLa PampaLa RiojaMendozaMisionesNeuqu\u00e9nR\u00edo NegroSaltaSan JuanSan LuisSanta CruzSanta FeSantiago [&hellip;]<\/p>","protected":false},"author":1,"featured_media":0,"parent":0,"menu_order":0,"comment_status":"closed","ping_status":"closed","template":"","meta":{"site-sidebar-layout":"no-sidebar","site-content-layout":"page-builder","ast-site-content-layout":"full-width-container","site-content-style":"unboxed","site-sidebar-style":"unboxed","ast-global-header-display":"","ast-banner-title-visibility":"","ast-main-header-display":"","ast-hfb-above-header-display":"","ast-hfb-below-header-display":"","ast-hfb-mobile-header-display":"","site-post-title":"disabled","ast-breadcrumbs-content":"disabled","ast-featured-img":"disabled","footer-sml-layout":"","theme-transparent-header-meta":"enabled","adv-header-id-meta":"","stick-header-meta":"","header-above-stick-meta":"","header-main-stick-meta":"","header-below-stick-meta":"","astra-migrate-meta-layouts":"set","ast-page-background-enabled":"default","ast-page-background-meta":{"desktop":{"background-color":"","background-image":"","background-repeat":"repeat","background-position":"center center","background-size":"auto","background-attachment":"scroll","background-type":"","background-media":"","overlay-type":"","overlay-color":"","overlay-gradient":""},"tablet":{"background-color":"","background-image":"","background-repeat":"repeat","background-position":"center center","background-size":"auto","background-attachment":"scroll","background-type":"","background-media":"","overlay-type":"","overlay-color":"","overlay-gradient":""},"mobile":{"background-color":"","background-image":"","background-repeat":"repeat","background-position":"center center","background-size":"auto","background-attachment":"scroll","background-type":"","background-media":"","overlay-type":"","overlay-color":"","overlay-gradient":""}},"ast-content-background-meta":{"desktop":{"background-color":"var(--ast-global-color-5)","background-image":"","background-repeat":"repeat","background-position":"center center","background-size":"auto","background-attachment":"scroll","background-type":"","background-media":"","overlay-type":"","overlay-color":"","overlay-gradient":""},"tablet":{"background-color":"var(--ast-global-color-5)","background-image":"","background-repeat":"repeat","background-position":"center center","background-size":"auto","background-attachment":"scroll","background-type":"","background-media":"","overlay-type":"","overlay-color":"","overlay-gradient":""},"mobile":{"background-color":"var(--ast-global-color-5)","background-image":"","background-repeat":"repeat","background-position":"center center","background-size":"auto","background-attachment":"scroll","background-type":"","background-media":"","overlay-type":"","overlay-color":"","overlay-gradient":""}},"footnotes":""},"class_list":["post-1621","page","type-page","status-publish","hentry"],"_links":{"self":[{"href":"https:\/\/sebastianmacchi.com.ar\/it\/wp-json\/wp\/v2\/pages\/1621","targetHints":{"allow":["GET"]}}],"collection":[{"href":"https:\/\/sebastianmacchi.com.ar\/it\/wp-json\/wp\/v2\/pages"}],"about":[{"href":"https:\/\/sebastianmacchi.com.ar\/it\/wp-json\/wp\/v2\/types\/page"}],"author":[{"embeddable":true,"href":"https:\/\/sebastianmacchi.com.ar\/it\/wp-json\/wp\/v2\/users\/1"}],"replies":[{"embeddable":true,"href":"https:\/\/sebastianmacchi.com.ar\/it\/wp-json\/wp\/v2\/comments?post=1621"}],"version-history":[{"count":0,"href":"https:\/\/sebastianmacchi.com.ar\/it\/wp-json\/wp\/v2\/pages\/1621\/revisions"}],"wp:attachment":[{"href":"https:\/\/sebastianmacchi.com.ar\/it\/wp-json\/wp\/v2\/media?parent=1621"}],"curies":[{"name":"wp","href":"https:\/\/api.w.org\/{rel}","templated":true}]}}